{"id":4250,"date":"2025-02-23T22:42:58","date_gmt":"2025-02-23T21:42:58","guid":{"rendered":"https:\/\/tester.ferrarimotor.it\/?page_id=4250"},"modified":"2025-02-23T22:45:21","modified_gmt":"2025-02-23T21:45:21","slug":"informativa-newsletter","status":"publish","type":"page","link":"https:\/\/tester.ferrarimotor.it\/?page_id=4250","title":{"rendered":"Informativa newsletter"},"content":{"rendered":"<h1><strong><em>INFORMATIVA ISCRIZIONE ALLA NEWSLETTER IN MATERIA DI PROTEZIONE DEI DATI PERSONALI AI SENSI DELL&#8217;ART. 13 REGOLAMENTO (UE) 2016\/ 679<\/em><\/strong><\/h1>\n<p>&nbsp;<\/p>\n<p>Ai sensi dell\u2019art. 13 del Regolamento (UE) 2016\/679, Motor Service S.r.l., p.i. 01747470365, con sede in via Emilia Est 1040, 41226, Modena MO, in qualit\u00e0 di Titolare del trattamento, informa gli utenti del trattamento dei dati personali derivante dall\u2019iscrizione alla newsletter attraverso compilazione della sezione <em>\u201cRimani aggiornato\u201d.<\/em><\/p>\n<p>&nbsp;<\/p>\n<p><strong><em>Titolare del trattamento<\/em><\/strong><\/p>\n<p>Il titolare del trattamento \u00e8 Motor Service S.r.l, p.i. 01747470365 con sede in via Emilia Est 1040, 41126, Modena MO<\/p>\n<p><strong><em>\u00a0<\/em><\/strong><\/p>\n<p><strong><em>Soggetti interessati<\/em><\/strong><\/p>\n<p>Utenti fruitori dei servizi internet interessati a ricevere newsletter in merito all\u2019uscita di nuovi prodotti<\/p>\n<p>&nbsp;<\/p>\n<p><strong><em>Dati trattati<\/em><\/strong><\/p>\n<p>I dati trattati sono quelli personali di contatto quali indirizzo e-mail personale necessario per l\u2019invio della newsletter.<\/p>\n<p>&nbsp;<\/p>\n<p><strong><em>Finalit\u00e0 del trattamento<\/em><\/strong><\/p>\n<p>La finalit\u00e0 del trattamento \u00e8 quella di ricevere aggiornamenti sui nuovi prodotti offerti da Motor Service S.r.l.<\/p>\n<p>&nbsp;<\/p>\n<p><strong><em>Natura del conferimento e base giuridica del trattamento<\/em><\/strong><\/p>\n<p>Il conferimento dei dati \u00e8 facoltativo. L\u2019eventuale rifiuto a conferire i dati non comporta conseguenze negative, ma determina l\u2019impossibilit\u00e0 per il titolare del trattamento di dar corso alle richieste di invio della newsletter.\u00a0 La base giuridica del trattamento \u00e8 il consenso al trattamento dei suddetti dati, ai sensi dell\u2019art. 6 lett. a) del Reg. Eu. 679\/2016. Il consenso si considera prestato flaggando le apposite caselle poste in calce al form on-line. Il consenso \u00e8 sempre revocabile.<\/p>\n<p><strong><em>\u00a0<\/em><\/strong><\/p>\n<p><strong><em>Modalit\u00e0 del trattamento<\/em><\/strong><\/p>\n<p>Il trattamento dei dati \u00e8 eseguito attraverso procedure informatiche o mezzi telematici e supporti cartacei ad opera di soggetti, interni od esterni, a ci\u00f2 appositamente incaricati, autorizzati e impegnati alla riservatezza. I dati sono trattati e conservati con strumenti idonei a garantirne la sicurezza, l\u2019integrit\u00e0 e la riservatezza mediante l\u2019adozione di misure adeguate come previsto dalla normativa.<\/p>\n<p>&nbsp;<\/p>\n<p><strong><em>Tempi di conservazione<\/em><\/strong><\/p>\n<p>I dati saranno conservati in una forma che consenta l\u2019identificazione per l\u2019interessato per due anni dall\u2019iscrizione, fermo restando che all\u2019atto di revoca del consenso con la tecnica opt-out il Titolare del trattamento procedere all\u2019eliminazione dei suoi dati.<\/p>\n<p>&nbsp;<\/p>\n<p><strong><em>Comunicazione, diffusione, trasferimento<\/em><\/strong><\/p>\n<p>I dati raccolti non saranno diffusi, venduti o scambiati con soggetti terzi senza il consenso espresso dell\u2019interessato, salvo eventuali comunicazioni a soggetti terzi autorizzati &#8211; impegnati alla riservatezza o nel caso nominati responsabili del trattamento ex art. 28 del Regolamento (UE) 2016\/679. L\u2019elenco completo e aggiornato dei responsabili del trattamento \u00e8 reperibile, su richiesta, attraverso le modalit\u00e0 indicate alla presente informativa. I dati potranno essere comunicati alle autorit\u00e0 competenti, secondo i termini di legge.<\/p>\n<p><strong><em>Non \u00e8 previsto il trasferimento dei dati fuori dall\u2019Unione Europea.<\/em><\/strong><\/p>\n<p><strong><em>\u00a0<\/em><\/strong><\/p>\n<p><strong><em>Diritti degli interessati<\/em><\/strong><\/p>\n<p>In qualsiasi momento, gli interessati hanno: diritto di accedere ai propri dati personali, di chiederne la rettifica, l\u2019aggiornamento e la relativa cancellazione. \u00c8, altres\u00ec, possibile opporsi al trattamento e richiederne la limitazione.<\/p>\n<p>Le suddette richieste potranno essere rivolte a Motor Service S.r.l. (p.i. 01747470365), con sede in via Emilia Est 1040, 41126, Modena MO.<\/p>\n<p>L\u2019esercizio del diritto di revoca del consenso potr\u00e0 essere esercitato tramite apposito link presente in calce ad ogni comunicazione con finalit\u00e0 marketing e promozionale. Tale link permetter\u00e0 di accedere ad apposita sezione in cui richiedere la cancellazione dalla mailing list e revocare il consenso alla ricezione di materiale promozionale.\u00a0 Inoltre, nel caso in cui si ritenga che il trattamento sia stato svolto in violazione della normativa sulla protezione dei dati personali, \u00e8 riconosciuto il diritto di presentare reclamo all\u2019Autorit\u00e0 Garante per la protezione dei dati personali, Piazza Venezia, 11 &#8211; 00187\u00a0&#8211; Roma.<\/p>\n","protected":false},"excerpt":{"rendered":"<p>INFORMATIVA ISCRIZIONE ALLA NEWSLETTER IN MATERIA DI PROTEZIONE DEI DATI PERSONALI AI SENSI DELL&#8217;ART. 13 REGOLAMENTO (UE) 2016\/ 679 &nbsp; Ai sensi dell\u2019art. 13 del Regolamento (UE) 2016\/679, Motor Service S.r.l., p.i. 01747470365, con sede in via Emilia Est 1040, 41226, Modena MO, in qualit\u00e0 di Titolare del trattamento, informa gli utenti del trattamento dei dati personali derivante dall\u2019iscrizione alla newsletter attraverso compilazione della sezione \u201cRimani aggiornato\u201d. &nbsp; Titolare del trattamento Il titolare del trattamento \u00e8 Motor Service S.r.l, p.i. 01747470365 con sede in via Emilia Est 1040, 41126, Modena MO \u00a0 Soggetti interessati Utenti fruitori dei servizi internet interessati a ricevere newsletter in merito all\u2019uscita di nuovi prodotti &nbsp; Dati trattati I dati trattati sono quelli personali di contatto quali indirizzo e-mail personale necessario per l\u2019invio della newsletter. &nbsp; Finalit\u00e0 del trattamento La finalit\u00e0 del trattamento \u00e8 quella di ricevere aggiornamenti sui nuovi prodotti offerti da Motor Service S.r.l. &nbsp; Natura del conferimento e base giuridica del trattamento Il conferimento dei dati \u00e8 facoltativo. L\u2019eventuale rifiuto a conferire i dati non comporta conseguenze negative, ma determina l\u2019impossibilit\u00e0 per il titolare del trattamento di dar corso alle richieste di invio della newsletter.\u00a0 La base giuridica del trattamento \u00e8 il consenso al trattamento dei suddetti dati, ai sensi dell\u2019art. 6 lett. a) del Reg. Eu. 679\/2016. Il consenso si considera prestato flaggando le apposite caselle poste in calce al form on-line. Il consenso \u00e8 sempre revocabile. \u00a0 Modalit\u00e0 del trattamento Il trattamento dei dati \u00e8 eseguito attraverso procedure informatiche o mezzi telematici e supporti cartacei ad opera di soggetti, interni od esterni, a ci\u00f2 appositamente incaricati, autorizzati e impegnati alla riservatezza. I dati sono trattati e conservati con strumenti idonei a garantirne la sicurezza, l\u2019integrit\u00e0 e  [&#8230;]<\/p>\n","protected":false},"author":1,"featured_media":0,"parent":0,"menu_order":0,"comment_status":"closed","ping_status":"closed","template":"","meta":{"footnotes":""},"class_list":["post-4250","page","type-page","status-publish","hentry"],"_links":{"self":[{"href":"https:\/\/tester.ferrarimotor.it\/index.php?rest_route=\/wp\/v2\/pages\/4250","targetHints":{"allow":["GET"]}}],"collection":[{"href":"https:\/\/tester.ferrarimotor.it\/index.php?rest_route=\/wp\/v2\/pages"}],"about":[{"href":"https:\/\/tester.ferrarimotor.it\/index.php?rest_route=\/wp\/v2\/types\/page"}],"author":[{"embeddable":true,"href":"https:\/\/tester.ferrarimotor.it\/index.php?rest_route=\/wp\/v2\/users\/1"}],"replies":[{"embeddable":true,"href":"https:\/\/tester.ferrarimotor.it\/index.php?rest_route=%2Fwp%2Fv2%2Fcomments&post=4250"}],"version-history":[{"count":1,"href":"https:\/\/tester.ferrarimotor.it\/index.php?rest_route=\/wp\/v2\/pages\/4250\/revisions"}],"predecessor-version":[{"id":4251,"href":"https:\/\/tester.ferrarimotor.it\/index.php?rest_route=\/wp\/v2\/pages\/4250\/revisions\/4251"}],"wp:attachment":[{"href":"https:\/\/tester.ferrarimotor.it\/index.php?rest_route=%2Fwp%2Fv2%2Fmedia&parent=4250"}],"curies":[{"name":"wp","href":"https:\/\/api.w.org\/{rel}","templated":true}]}}