{"id":4247,"date":"2025-02-23T22:38:50","date_gmt":"2025-02-23T21:38:50","guid":{"rendered":"https:\/\/tester.ferrarimotor.it\/?page_id=4247"},"modified":"2025-02-23T22:38:50","modified_gmt":"2025-02-23T21:38:50","slug":"informativa-per-invio-comunicazioni","status":"publish","type":"page","link":"https:\/\/tester.ferrarimotor.it\/?page_id=4247","title":{"rendered":"Informativa per invio comunicazioni"},"content":{"rendered":"<h1>INFORMATIVA PER INVIO COMUNICAZIONI SU NUOVI PRODOTTI IN MATERIA DI PROTEZIONE DEI DATI PERSONALI AI SENSI DELL&#8217;ART. 13 REGOLAMENTO (UE) 2016\/ 679<\/h1>\n<p>Ai sensi dell\u2019art. 13 del Regolamento (UE) 2016\/679, Motor Service S.r.l. (p.i. 01747470365), con sede in via Emilia Est 1040, Modena MO, 41126 in qualit\u00e0 di Titolare del trattamento, informa gli utenti del trattamento dei dati personali derivante dall\u2019invio di e-mail riguardanti l\u2019uscita di nuovi prodotti.<\/p>\n<p>&nbsp;<\/p>\n<p><strong><em>Titolare del trattamento<\/em><\/strong><\/p>\n<p>Il titolare del trattamento \u00e8 Motor Service S.r.l, con sede in via Emilia Est 1040, Modena MO, 41126.<\/p>\n<p>&nbsp;<\/p>\n<p><strong><em>Soggetti interessati<\/em><\/strong><\/p>\n<p>Clienti di Motor Service S.r.l da informare in merito alla commercializzazione di nuovi prodotti da parte di Motor Service S.r.l.<\/p>\n<p>&nbsp;<\/p>\n<p><strong><em>Dati trattati<\/em><\/strong><\/p>\n<p>I dati trattati sono:<\/p>\n<ul>\n<li>dati personali (nome; cognome);<\/li>\n<li>dati di contatto (indirizzo e-mail);<\/li>\n<li>dati inerenti ai prodotti gi\u00e0 acquistati;<\/li>\n<li>dati inerenti agli interessi del cliente in merito ai prodotti offerti.<\/li>\n<\/ul>\n<p><strong><em>\u00a0<\/em><\/strong><\/p>\n<p><strong><em>Finalit\u00e0 del trattamento<\/em><\/strong><\/p>\n<p>La finalit\u00e0 del trattamento \u00e8 quella di ricevere aggiornamenti sui nuovi prodotti offerti da Motor Service S.r.l.<\/p>\n<p>&nbsp;<\/p>\n<p><strong><em>Natura del conferimento e base giuridica del trattamento<\/em><\/strong><\/p>\n<p>La base giuridica del trattamento \u00e8 rinvenibile all\u2019art. 6, comma 1, lett. f), GDPR: il trattamento \u00e8 necessario per il perseguimento del legittimo interesse del titolare del trattamento, a condizione che non prevalgano gli interessi o i diritti e le libert\u00e0 fondamentali dell&#8217;interessato che richiedono la protezione dei dati personali. Il legittimo interesse del titolare risiede nell\u2019informare i suoi clienti della presenza e dell\u2019uscita sul mercato di nuovi prodotti o servizi. Il mancato conferimento dei dati comporter\u00e0 l\u2019impossibilit\u00e0 per il cliente di essere informato sulle novit\u00e0 offerte da Motor Service S.r.l. tramite l\u2019invio di comunicazioni commerciali.<\/p>\n<p>Il bilanciamento tra interesse legittimo del titolare del trattamento e diritti dell\u2019interessato \u00e8 disponibile su richiesta.<\/p>\n<p><strong><em>\u00a0<\/em><\/strong><\/p>\n<p><strong><em>Modalit\u00e0 del trattamento<\/em><\/strong><\/p>\n<p>Il trattamento dei dati \u00e8 eseguito attraverso procedure informatiche o mezzi telematici e supporti cartacei ad opera di soggetti, interni od esterni, a ci\u00f2 appositamente incaricati, autorizzati e impegnati alla riservatezza. I dati sono trattati e conservati con strumenti idonei a garantirne la sicurezza, l\u2019integrit\u00e0 e la riservatezza mediante l\u2019adozione di misure adeguate come previsto dalla normativa.<\/p>\n<p>&nbsp;<\/p>\n<p><strong><em>Tempi di conservazione<\/em><\/strong><\/p>\n<p>I dati personali verranno conservati in una forma che consenta l\u2019identificazione degli stessi per un arco temporale non superiore al conseguimento delle finalit\u00e0 per le quali i dati sono stati raccolti; verranno pertanto conservati fino all\u2019esistenza del rapporto contrattuale in essere e non oltre i 10 anni a decorrere dalla cessazione del contratto.<\/p>\n<p><strong><em>\u00a0<\/em><\/strong><\/p>\n<p><strong><em>Comunicazione, diffusione, trasferimento<\/em><\/strong><\/p>\n<p>I dati raccolti non saranno diffusi, venduti o scambiati con soggetti terzi senza il consenso espresso dell\u2019interessato, salvo eventuali comunicazioni a soggetti terzi autorizzati impegnati alla riservatezza o nel caso nominati responsabili del trattamento ex art. 28 del Regolamento (UE) 2016\/679. L\u2019elenco completo e aggiornato dei responsabili del trattamento \u00e8 reperibile, su richiesta, attraverso le modalit\u00e0 indicate alla presente informativa. I dati potranno essere comunicati alle autorit\u00e0 competenti, secondo i termini d legge.<\/p>\n<p>Non \u00e8 previsto il trasferimento dei dati fuori dall\u2019Unione Europea.<\/p>\n<p><strong><em>\u00a0<\/em><\/strong><\/p>\n<p><strong><em>Diritti degli interessati<\/em><\/strong><\/p>\n<p>In qualsiasi momento, gli interessati hanno diritto di accedere ai propri dati personali, di chiederne la rettifica, l\u2019aggiornamento e la relativa cancellazione. \u00c8, altres\u00ec, possibile opporsi al trattamento e richiederne la limitazione.<\/p>\n<p>I diritti sono esercitabili attraverso l\u2019invio di:<\/p>\n<ul>\n<li>una raccomandata A\/R a Motor Service S.r.l., in via Emilia Est 1040, 41126, Modena Mo<\/li>\n<li>una PEC all\u2019indirizzo ferrarimotorservice@pec.it<\/li>\n<\/ul>\n<p>&nbsp;<\/p>\n<p>Inoltre, nel caso in cui si ritenga che il trattamento sia stato svolto in violazione della normativa sulla protezione dei dati personali, \u00e8 riconosciuto il diritto di presentare reclamo all\u2019Autorit\u00e0 Garante per la protezione dei dati personali, Piazza Venezia n. 11 \u2013 00187\u00a0Roma.<\/p>\n","protected":false},"excerpt":{"rendered":"<p>INFORMATIVA PER INVIO COMUNICAZIONI SU NUOVI PRODOTTI IN MATERIA DI PROTEZIONE DEI DATI PERSONALI AI SENSI DELL&#8217;ART. 13 REGOLAMENTO (UE) 2016\/ 679 Ai sensi dell\u2019art. 13 del Regolamento (UE) 2016\/679, Motor Service S.r.l. (p.i. 01747470365), con sede in via Emilia Est 1040, Modena MO, 41126 in qualit\u00e0 di Titolare del trattamento, informa gli utenti del trattamento dei dati personali derivante dall\u2019invio di e-mail riguardanti l\u2019uscita di nuovi prodotti. &nbsp; Titolare del trattamento Il titolare del trattamento \u00e8 Motor Service S.r.l, con sede in via Emilia Est 1040, Modena MO, 41126. &nbsp; Soggetti interessati Clienti di Motor Service S.r.l da informare in merito alla commercializzazione di nuovi prodotti da parte di Motor Service S.r.l. &nbsp; Dati trattati I dati trattati sono: dati personali (nome; cognome); dati di contatto (indirizzo e-mail); dati inerenti ai prodotti gi\u00e0 acquistati; dati inerenti agli interessi del cliente in merito ai prodotti offerti. \u00a0 Finalit\u00e0 del trattamento La finalit\u00e0 del trattamento \u00e8 quella di ricevere aggiornamenti sui nuovi prodotti offerti da Motor Service S.r.l. &nbsp; Natura del conferimento e base giuridica del trattamento La base giuridica del trattamento \u00e8 rinvenibile all\u2019art. 6, comma 1, lett. f), GDPR: il trattamento \u00e8 necessario per il perseguimento del legittimo interesse del titolare del trattamento, a condizione che non prevalgano gli interessi o i diritti e le libert\u00e0 fondamentali dell&#8217;interessato che richiedono la protezione dei dati personali. Il legittimo interesse del titolare risiede nell\u2019informare i suoi clienti della presenza e dell\u2019uscita sul mercato di nuovi prodotti o servizi. Il mancato conferimento dei dati comporter\u00e0 l\u2019impossibilit\u00e0 per il cliente di essere informato sulle novit\u00e0 offerte da Motor Service S.r.l. tramite l\u2019invio di comunicazioni commerciali. Il bilanciamento tra interesse legittimo del titolare del trattamento e diritti dell\u2019interessato \u00e8  [&#8230;]<\/p>\n","protected":false},"author":1,"featured_media":0,"parent":0,"menu_order":0,"comment_status":"closed","ping_status":"closed","template":"","meta":{"footnotes":""},"class_list":["post-4247","page","type-page","status-publish","hentry"],"_links":{"self":[{"href":"https:\/\/tester.ferrarimotor.it\/index.php?rest_route=\/wp\/v2\/pages\/4247","targetHints":{"allow":["GET"]}}],"collection":[{"href":"https:\/\/tester.ferrarimotor.it\/index.php?rest_route=\/wp\/v2\/pages"}],"about":[{"href":"https:\/\/tester.ferrarimotor.it\/index.php?rest_route=\/wp\/v2\/types\/page"}],"author":[{"embeddable":true,"href":"https:\/\/tester.ferrarimotor.it\/index.php?rest_route=\/wp\/v2\/users\/1"}],"replies":[{"embeddable":true,"href":"https:\/\/tester.ferrarimotor.it\/index.php?rest_route=%2Fwp%2Fv2%2Fcomments&post=4247"}],"version-history":[{"count":1,"href":"https:\/\/tester.ferrarimotor.it\/index.php?rest_route=\/wp\/v2\/pages\/4247\/revisions"}],"predecessor-version":[{"id":4248,"href":"https:\/\/tester.ferrarimotor.it\/index.php?rest_route=\/wp\/v2\/pages\/4247\/revisions\/4248"}],"wp:attachment":[{"href":"https:\/\/tester.ferrarimotor.it\/index.php?rest_route=%2Fwp%2Fv2%2Fmedia&parent=4247"}],"curies":[{"name":"wp","href":"https:\/\/api.w.org\/{rel}","templated":true}]}}