{"id":4243,"date":"2025-02-23T22:20:26","date_gmt":"2025-02-23T21:20:26","guid":{"rendered":"https:\/\/tester.ferrarimotor.it\/?page_id=4243"},"modified":"2025-02-23T22:20:26","modified_gmt":"2025-02-23T21:20:26","slug":"procedura-in-materia-di-diritti-degli-interessati","status":"publish","type":"page","link":"https:\/\/tester.ferrarimotor.it\/?page_id=4243","title":{"rendered":"Procedura in materia di diritti degli interessati"},"content":{"rendered":"<h1>Procedura in materia di diritti degli interessati<\/h1>\n<p>Il Regolamento Generale per la Protezione dei Dati (Regolamento EU 2016\/679) (di seguito anche \u201cRegolamento\u201d o \u201cGDPR\u201d) attribuisce agli interessati l\u2019esercizio dei seguenti diritti nei confronti del Titolare del trattamento:<\/p>\n<ul>\n<li>Diritto di accesso art. 15 GDPR: al fine di chiedere conferma che sia o meno in essere un trattamento di dati personali;<\/li>\n<li>Diritto di rettifica art. 16 GDPR: per chiedere di rettificare o integrare i dati forniti, qualora inesatti;<\/li>\n<li>Diritto alla cancellazione art. 17 GDPR: per chiedere che i dati trattati vengano cancellati (ad esempio qualora non siano pi\u00f9 necessari per le finalit\u00e0 per i quali sono stati raccolti; oppure in caso di revoca del consenso; o ancora in caso il trattamento sia illecito);<\/li>\n<li>Diritto di limitazione di trattamento art. 18 GDPR: affinch\u00e9 i dati trattati dal Titolare vengano contrassegnati in modo da limitarne il loro trattamento in futuro;<\/li>\n<li>Diritto alla portabilit\u00e0 dei dati art. 20 GDPR: al fine di ottenere la ricezione di dati personali, o la trasmissione dei dati ad altro Titolare, in un formato strutturato, di uso comune e leggibile da dispositivo automatico;<\/li>\n<li>Diritto di opposizione art. 21 GDPR: per opporsi in qualunque momento al trattamento dei dati, salvo che vi siano motivi legittimi per procedere al trattamento che siano prevalenti (per esempio per l\u2019esercizio o la difesa in sede giudiziaria).<\/li>\n<\/ul>\n<p>&nbsp;<\/p>\n<p><strong>Categorie degli Interessati<\/strong><\/p>\n<p>Ai fini della presente procedura sono di seguito raggruppate per area di competenza le categorie di soggetti Interessati, i cui dati vengono trattati da Motor Service s.r.l., come individuate nel Registro dei Trattamenti redatto ai sensi dell\u2019art. 30 del GDPR:<\/p>\n<ul>\n<li><strong>Interessati riconducibili all\u2019Area HR<\/strong>: candidati, dipendenti, i familiari dei dipendenti ed ex dipendenti di Motor Service s.r.l., nonch\u00e9 i liberi professionisti che prestano la propria attivit\u00e0 per la Societ\u00e0 e i dipendenti di soggetti terzi che forniscono servizi in favore dello stesso;<\/li>\n<li><strong>Interessati riconducibili all\u2019Area Amministrazione:<\/strong> clienti, fornitori, studi professionali, consulenti, in relazione alla gestione dei contratti con essi stipulati e il relativo compimento di tutte le attivit\u00e0 connesse, strumentali e\/o complementari alla gestione del rapporto;<\/li>\n<li><strong>Altri Interessati:<\/strong> utenti web nonch\u00e9 tutti gli individui, esterni a Motor Service s.r.l., ed in generale qualsiasi persona fisica dei cui dati personali Motor Service s.r.l. sia titolare, che non sono riconducibili alle precedenti categorie<\/li>\n<\/ul>\n<p><strong>\u00a0<\/strong><\/p>\n<p><strong>Esercizio del diritto da parte dell\u2019interessato e ricezione della richiesta da parte di <\/strong>Motor Service S.r.l.<\/p>\n<ul>\n<li>L\u2019esercizio dei diritti \u00e8 gratuito.<\/li>\n<li>L\u2019esercizio dei diritti \u00e8 condizionato alla previa identificazione dell\u2019interessato, che unitamente alla richiesta dovr\u00e0 accludere copia di un valido documento di riconoscimento.<\/li>\n<li>Pu\u00f2 essere presentato anche a mezzo di delegato\/a munito\/a di apposito\/a mandato\/delega.<\/li>\n<li>Per l\u2019esercizio dei diritti si pu\u00f2 trasmettere una richiesta tramite PEC all\u2019indirizzo ferrarimotorservice@pec.it attraverso una raccomandata con ricevuta di ritorno a Motor Service s.r.l. via Emilia Est 1040, 41126, Modena MO;<\/li>\n<li>A seguito della ricezione della richiesta sar\u00e0 cura di Motor Service s.r.l. verificare l\u2019identit\u00e0 dell\u2019interessato nonch\u00e9 la richiesta sottoposta.<\/li>\n<li>Nel termine di 30 giorni dalla richiesta (prorogabile in 60 giorni nei casi di complessit\u00e0) il Titolare del trattamento dar\u00e0 riscontro alla richiesta sottoposta dall\u2019interessato.<\/li>\n<\/ul>\n","protected":false},"excerpt":{"rendered":"<p>Procedura in materia di diritti degli interessati Il Regolamento Generale per la Protezione dei Dati (Regolamento EU 2016\/679) (di seguito anche \u201cRegolamento\u201d o \u201cGDPR\u201d) attribuisce agli interessati l\u2019esercizio dei seguenti diritti nei confronti del Titolare del trattamento: Diritto di accesso art. 15 GDPR: al fine di chiedere conferma che sia o meno in essere un trattamento di dati personali; Diritto di rettifica art. 16 GDPR: per chiedere di rettificare o integrare i dati forniti, qualora inesatti; Diritto alla cancellazione art. 17 GDPR: per chiedere che i dati trattati vengano cancellati (ad esempio qualora non siano pi\u00f9 necessari per le finalit\u00e0 per i quali sono stati raccolti; oppure in caso di revoca del consenso; o ancora in caso il trattamento sia illecito); Diritto di limitazione di trattamento art. 18 GDPR: affinch\u00e9 i dati trattati dal Titolare vengano contrassegnati in modo da limitarne il loro trattamento in futuro; Diritto alla portabilit\u00e0 dei dati art. 20 GDPR: al fine di ottenere la ricezione di dati personali, o la trasmissione dei dati ad altro Titolare, in un formato strutturato, di uso comune e leggibile da dispositivo automatico; Diritto di opposizione art. 21 GDPR: per opporsi in qualunque momento al trattamento dei dati, salvo che vi siano motivi legittimi per procedere al trattamento che siano prevalenti (per esempio per l\u2019esercizio o la difesa in sede giudiziaria). &nbsp; Categorie degli Interessati Ai fini della presente procedura sono di seguito raggruppate per area di competenza le categorie di soggetti Interessati, i cui dati vengono trattati da Motor Service s.r.l., come individuate nel Registro dei Trattamenti redatto ai sensi dell\u2019art. 30 del GDPR: Interessati riconducibili all\u2019Area HR: candidati, dipendenti, i familiari dei dipendenti ed ex dipendenti di Motor Service s.r.l., nonch\u00e9 i liberi  [&#8230;]<\/p>\n","protected":false},"author":1,"featured_media":0,"parent":0,"menu_order":0,"comment_status":"closed","ping_status":"closed","template":"","meta":{"footnotes":""},"class_list":["post-4243","page","type-page","status-publish","hentry"],"_links":{"self":[{"href":"https:\/\/tester.ferrarimotor.it\/index.php?rest_route=\/wp\/v2\/pages\/4243","targetHints":{"allow":["GET"]}}],"collection":[{"href":"https:\/\/tester.ferrarimotor.it\/index.php?rest_route=\/wp\/v2\/pages"}],"about":[{"href":"https:\/\/tester.ferrarimotor.it\/index.php?rest_route=\/wp\/v2\/types\/page"}],"author":[{"embeddable":true,"href":"https:\/\/tester.ferrarimotor.it\/index.php?rest_route=\/wp\/v2\/users\/1"}],"replies":[{"embeddable":true,"href":"https:\/\/tester.ferrarimotor.it\/index.php?rest_route=%2Fwp%2Fv2%2Fcomments&post=4243"}],"version-history":[{"count":1,"href":"https:\/\/tester.ferrarimotor.it\/index.php?rest_route=\/wp\/v2\/pages\/4243\/revisions"}],"predecessor-version":[{"id":4244,"href":"https:\/\/tester.ferrarimotor.it\/index.php?rest_route=\/wp\/v2\/pages\/4243\/revisions\/4244"}],"wp:attachment":[{"href":"https:\/\/tester.ferrarimotor.it\/index.php?rest_route=%2Fwp%2Fv2%2Fmedia&parent=4243"}],"curies":[{"name":"wp","href":"https:\/\/api.w.org\/{rel}","templated":true}]}}