{"id":3744,"date":"2013-05-07T15:56:17","date_gmt":"2013-05-07T13:56:17","guid":{"rendered":"http:\/\/www2.ferrarimotor.it\/?page_id=3744"},"modified":"2025-02-23T21:29:57","modified_gmt":"2025-02-23T20:29:57","slug":"conte","status":"publish","type":"page","link":"https:\/\/tester.ferrarimotor.it\/?page_id=3744","title":{"rendered":"ConTe"},"content":{"rendered":"<h1>ConTe<\/h1>\n<div>\n<p><a href=\"https:\/\/www.ferrarimotor.it\/wp-content\/uploads\/2013\/05\/4f842d25368a5.jpg\"><img decoding=\"async\" class=\"size-full wp-image-3775 alignright\" src=\"https:\/\/www.ferrarimotor.it\/wp-content\/uploads\/2013\/05\/4f842d25368a5.jpg\" alt=\"4f842d25368a5\" width=\"260\" height=\"174\" \/><\/a>La nascita di assistenza stradale \u201cCon Te&#8221;, rivolto a tutti i proprietari di vetture del Cavallino Rampante costruite dal 1947 ad oggi che non sono pi\u00f9 coperte da garanzie POWER o contrattuali.<\/p>\n<p>Il cliente Ferrari beneficer\u00e0 per 12 mesi non solo del soccorso stradale nel caso in cui il veicolo sia immobilizzato per eventi non preventivabili, ma anche di tutta l\u2019assistenza necessaria per rientrare presso il proprio domicilio o per raggiungere l&#8217;Officina Autorizzata pi\u00f9 vicina dove la vettura sar\u00e0 ricoverata. Inoltre sono coperte eventuali spese di albergo nel caso in cui il cliente dovesse avere necessit\u00e0 di pernottare prima di rientrare o di proseguire il viaggio.<\/p>\n<p>Il servizio garantisce assistenza gratuita ed \u00e8 attivo 24 ore su 24, 365 giorni all&#8217;anno ed \u00e8 attuabile da subito in Italia e Gran Bretagna. A breve sar\u00e0 esteso anche ad altri mercati europei.<strong><a href=\"http:\/\/www.modena.ferraridealers.com\/it_it\/post-vendita\/service-request\/service-request\" target=\"_blank\" rel=\"noopener\"><br \/>\n<\/a><\/strong><\/p>\n<p>Questa iniziativa si inserisce in una sempre pi\u00f9 ampia gamma di servizi offerti da Ferrari per soddisfare i clienti che desiderano godersi la propria Ferrari in assoluta tranquillit\u00e0 e sicurezza.<\/p>\n<\/div>\n","protected":false},"excerpt":{"rendered":"<p>ConTe La nascita di assistenza stradale \u201cCon Te&#8221;, rivolto a tutti i proprietari di vetture del Cavallino Rampante costruite dal 1947 ad oggi che non sono pi\u00f9 coperte da garanzie POWER o contrattuali. Il cliente Ferrari beneficer\u00e0 per 12 mesi non solo del soccorso stradale nel caso in cui il veicolo sia immobilizzato per eventi non preventivabili, ma anche di tutta l\u2019assistenza necessaria per rientrare presso il proprio domicilio o per raggiungere l&#8217;Officina Autorizzata pi\u00f9 vicina dove la vettura sar\u00e0 ricoverata. Inoltre sono coperte eventuali spese di albergo nel caso in cui il cliente dovesse avere necessit\u00e0 di pernottare prima di rientrare o di proseguire il viaggio. Il servizio garantisce assistenza gratuita ed \u00e8 attivo 24 ore su 24, 365 giorni all&#8217;anno ed \u00e8 attuabile da subito in Italia e Gran Bretagna. A breve sar\u00e0 esteso anche ad altri mercati europei. Questa iniziativa si inserisce in una sempre pi\u00f9 ampia gamma di servizi offerti da Ferrari per soddisfare i clienti che desiderano godersi la propria Ferrari in assoluta tranquillit\u00e0 e sicurezza.<\/p>\n","protected":false},"author":1,"featured_media":0,"parent":0,"menu_order":0,"comment_status":"closed","ping_status":"open","template":"","meta":{"footnotes":""},"class_list":["post-3744","page","type-page","status-publish","hentry"],"_links":{"self":[{"href":"https:\/\/tester.ferrarimotor.it\/index.php?rest_route=\/wp\/v2\/pages\/3744","targetHints":{"allow":["GET"]}}],"collection":[{"href":"https:\/\/tester.ferrarimotor.it\/index.php?rest_route=\/wp\/v2\/pages"}],"about":[{"href":"https:\/\/tester.ferrarimotor.it\/index.php?rest_route=\/wp\/v2\/types\/page"}],"author":[{"embeddable":true,"href":"https:\/\/tester.ferrarimotor.it\/index.php?rest_route=\/wp\/v2\/users\/1"}],"replies":[{"embeddable":true,"href":"https:\/\/tester.ferrarimotor.it\/index.php?rest_route=%2Fwp%2Fv2%2Fcomments&post=3744"}],"version-history":[{"count":4,"href":"https:\/\/tester.ferrarimotor.it\/index.php?rest_route=\/wp\/v2\/pages\/3744\/revisions"}],"predecessor-version":[{"id":4235,"href":"https:\/\/tester.ferrarimotor.it\/index.php?rest_route=\/wp\/v2\/pages\/3744\/revisions\/4235"}],"wp:attachment":[{"href":"https:\/\/tester.ferrarimotor.it\/index.php?rest_route=%2Fwp%2Fv2%2Fmedia&parent=3744"}],"curies":[{"name":"wp","href":"https:\/\/api.w.org\/{rel}","templated":true}]}}