{"id":3738,"date":"2013-05-07T15:54:36","date_gmt":"2013-05-07T13:54:36","guid":{"rendered":"http:\/\/www2.ferrarimotor.it\/?page_id=3738"},"modified":"2025-02-23T21:28:29","modified_gmt":"2025-02-23T20:28:29","slug":"garanzia-ferrari-power","status":"publish","type":"page","link":"https:\/\/tester.ferrarimotor.it\/?page_id=3738","title":{"rendered":"Garanzia Ferrari Power"},"content":{"rendered":"<h1>Garanzia Ferrari Power<\/h1>\n<div>\n<p><a href=\"https:\/\/www.ferrarimotor.it\/wp-content\/uploads\/2013\/05\/4f83f0ed62ed3.jpg\"><img decoding=\"async\" class=\"size-full wp-image-3771 alignright\" src=\"https:\/\/www.ferrarimotor.it\/wp-content\/uploads\/2013\/05\/4f83f0ed62ed3.jpg\" alt=\"4f83f0ed62ed3\" width=\"260\" height=\"195\" \/><\/a>Da sempre il marchio Ferrari \u00e8 stato sinonimo di forza e di potenza, legate alla superiorit\u00e0 delle prestazioni e all&#8217;elevato contenuto tecnologico riscontrabile nelle sue vetture. Connotati, questi ultimi, che non hanno mai compromesso la classe, lo stile e l&#8217;eleganza delle Granturismo, contribuendo a creare un&#8217;immagine unica nel mondo.<\/p>\n<p>A rafforzare questa immagine e testimoniare l&#8217;affidabilit\u00e0 del prodotto, nasce il sistema di Garanzia Usato Ferrari. La garanzia POWER (Pre Owned Warranty for Exclusive Retail) nasce per soddisfare i clienti che desiderano garantire la propria auto per un periodo di tempo superiore alla normale copertura contrattuale.<\/p>\n<p><strong>VANTAGGI:<\/strong><\/p>\n<p>Garanzia:<br \/>\nla nuova formula permette di garantire la vostra auto fino ad un periodo di dieci anni; i ricambi e le riparazioni sono gratuite ed eseguite dai nostri professionisti.<\/p>\n<p>Valore usato:<br \/>\nplus qualificante in caso di vendita dell&#8217;auto;<br \/>\nla vettura rimane garantita anche dopo l&#8217;eventuale passaggio di propriet\u00e0.<br \/>\nTranquillit\u00e0 e sicurezza:<br \/>\npotete viaggiare sicuri in tutta Europa grazie al Servizio di Soccorso Stradale Direct Line.<\/p>\n<p><strong>REQUISITI:<\/strong><\/p>\n<p>La vettura deve essere sottoposta da parte della Rete Ufficiale Ferrari ad un&#8217;ispezione che ne certifichi la conformit\u00e0 (riconoscibilt\u00e0 della storia assistenziale della vettura: tagliandi, manutenzione ordinaria e straordinaria eseguita presso la Rete Ufficiale Ferrari; conformit\u00e0 della vettura ai requisiti omologativi prescritti dalla casa madre) le coperture previste richiedono un chilometraggio massimo di ingresso al programma pari a 90.000 km.<br \/>\nPer aderire al servizio \u00e8 sufficiente recarsi presso il nostro centro.<\/p>\n<p><span style=\"text-decoration: underline;\">POWER CUBE<\/span>: la garanzia per il quarto e\/o quinto anno<br \/>\nPOWER CUBE \u00e8 una garanzia completa, paragonabile, a livello di contenuti, alla garanzia contrattuale;<br \/>\nha durata annuale;<br \/>\n\u00e8 ripetibile per un ulteriore anno;<br \/>\npu\u00f2 essere acquistata nel caso in cui la vettura abbia aderito all\u2019anno addizionale di garanzia, o abbia sin dalla vendita una copertura commerciale di trentasei mesi.<br \/>\n<span style=\"text-decoration: underline;\">POWER NORMAL<\/span>: la garanzia fino al sesto anno<br \/>\nPOWER NORMAL \u00e8 la Garanzia Usato Ferrari accessibile a vetture comprese tra la scadenza della garanzia contrattuale ed il sesto anno di et\u00e0;<br \/>\n\u00e8 rinnovabile, per cui il periodo di copertura pu\u00f2 arrivare ad essere di ben quattro anni; copre i principali organi della vettura: motore, trasmissione, assetto, impianti elettrici.<\/p>\n<p><span style=\"text-decoration: underline;\">POWER TRAIN<\/span>: la garanzia fino al decimo anno<\/p>\n<p>\u00c8 la garanzia per soli cambio e motore accessibile alle vetture comprese tra la scadenza della garanzia contrattuale ed il nono anno di vita. La richiesta di Power Train \u00e8 un tipo di richiesta flessibile, cio\u00e8 pu\u00f2 avvenire in qualunque momento.<\/p>\n<p><img decoding=\"async\" class=\"size-full wp-image-3770 alignright\" src=\"https:\/\/www.ferrarimotor.it\/wp-content\/uploads\/2013\/05\/4f83f04b5fed6.jpg\" alt=\"4f83f04b5fed6\" width=\"260\" height=\"176\" \/>Distinguiamo i seguenti casi:<br \/>\nAcquisto tra la scadenza contrattuale ed il sesto anno (Opzione 1).<br \/>\nAcquisto tra il settimo ed il nono anno di vita della vettura (Opzione 2). La garanzia Power Train pu\u00f2 essere ripetuta, persistendo i requisiti, un numero di volte tale da coprire l&#8217;intero periodo di accessibilit\u00e0. Il suo acquisto limita l&#8217;adesione a qualsiasi altro successivo prodotto di garanzia. Pertanto acquistando in sequenza i diversi servizi di Garanzia Usato Ferrari \u00e8 possibile coprire la vostra Ferrari per un periodo fino a dieci anni.<\/p>\n<p>N.B. Il Programma Garanzia Usato Ferrari si applica a tutte le vetture Ferrari che non abbiano data di inizio garanzia superiore a nove anni, restano escluse le Serie speciali e limitate (F50 ed Enzo Ferrari ecc.). Ricordiamo che tutte le vetture nuove di casa Ferrari vendute in tutto il mondo hanno una copertura di tre anni di garanzia.<\/p>\n<\/div>\n","protected":false},"excerpt":{"rendered":"<p>Garanzia Ferrari Power Da sempre il marchio Ferrari \u00e8 stato sinonimo di forza e di potenza, legate alla superiorit\u00e0 delle prestazioni e all&#8217;elevato contenuto tecnologico riscontrabile nelle sue vetture. Connotati, questi ultimi, che non hanno mai compromesso la classe, lo stile e l&#8217;eleganza delle Granturismo, contribuendo a creare un&#8217;immagine unica nel mondo. A rafforzare questa immagine e testimoniare l&#8217;affidabilit\u00e0 del prodotto, nasce il sistema di Garanzia Usato Ferrari. La garanzia POWER (Pre Owned Warranty for Exclusive Retail) nasce per soddisfare i clienti che desiderano garantire la propria auto per un periodo di tempo superiore alla normale copertura contrattuale. VANTAGGI: Garanzia: la nuova formula permette di garantire la vostra auto fino ad un periodo di dieci anni; i ricambi e le riparazioni sono gratuite ed eseguite dai nostri professionisti. Valore usato: plus qualificante in caso di vendita dell&#8217;auto; la vettura rimane garantita anche dopo l&#8217;eventuale passaggio di propriet\u00e0. Tranquillit\u00e0 e sicurezza: potete viaggiare sicuri in tutta Europa grazie al Servizio di Soccorso Stradale Direct Line. REQUISITI: La vettura deve essere sottoposta da parte della Rete Ufficiale Ferrari ad un&#8217;ispezione che ne certifichi la conformit\u00e0 (riconoscibilt\u00e0 della storia assistenziale della vettura: tagliandi, manutenzione ordinaria e straordinaria eseguita presso la Rete Ufficiale Ferrari; conformit\u00e0 della vettura ai requisiti omologativi prescritti dalla casa madre) le coperture previste richiedono un chilometraggio massimo di ingresso al programma pari a 90.000 km. Per aderire al servizio \u00e8 sufficiente recarsi presso il nostro centro. POWER CUBE: la garanzia per il quarto e\/o quinto anno POWER CUBE \u00e8 una garanzia completa, paragonabile, a livello di contenuti, alla garanzia contrattuale; ha durata annuale; \u00e8 ripetibile per un ulteriore anno; pu\u00f2 essere acquistata nel caso in cui la vettura abbia aderito all\u2019anno addizionale di garanzia, o  [&#8230;]<\/p>\n","protected":false},"author":1,"featured_media":0,"parent":0,"menu_order":0,"comment_status":"closed","ping_status":"open","template":"","meta":{"footnotes":""},"class_list":["post-3738","page","type-page","status-publish","hentry"],"_links":{"self":[{"href":"https:\/\/tester.ferrarimotor.it\/index.php?rest_route=\/wp\/v2\/pages\/3738","targetHints":{"allow":["GET"]}}],"collection":[{"href":"https:\/\/tester.ferrarimotor.it\/index.php?rest_route=\/wp\/v2\/pages"}],"about":[{"href":"https:\/\/tester.ferrarimotor.it\/index.php?rest_route=\/wp\/v2\/types\/page"}],"author":[{"embeddable":true,"href":"https:\/\/tester.ferrarimotor.it\/index.php?rest_route=\/wp\/v2\/users\/1"}],"replies":[{"embeddable":true,"href":"https:\/\/tester.ferrarimotor.it\/index.php?rest_route=%2Fwp%2Fv2%2Fcomments&post=3738"}],"version-history":[{"count":7,"href":"https:\/\/tester.ferrarimotor.it\/index.php?rest_route=\/wp\/v2\/pages\/3738\/revisions"}],"predecessor-version":[{"id":4233,"href":"https:\/\/tester.ferrarimotor.it\/index.php?rest_route=\/wp\/v2\/pages\/3738\/revisions\/4233"}],"wp:attachment":[{"href":"https:\/\/tester.ferrarimotor.it\/index.php?rest_route=%2Fwp%2Fv2%2Fmedia&parent=3738"}],"curies":[{"name":"wp","href":"https:\/\/api.w.org\/{rel}","templated":true}]}}