{"id":3736,"date":"2013-05-07T15:53:22","date_gmt":"2013-05-07T13:53:22","guid":{"rendered":"http:\/\/www2.ferrarimotor.it\/?page_id=3736"},"modified":"2023-03-15T21:48:49","modified_gmt":"2023-03-15T20:48:49","slug":"welcome-back","status":"publish","type":"page","link":"https:\/\/tester.ferrarimotor.it\/?page_id=3736","title":{"rendered":"Welcome Back"},"content":{"rendered":"<h1>Welcome Back<\/h1>\n<div>\n<p><a href=\"http:\/\/www2.ferrarimotor.it\/wp-content\/uploads\/2013\/05\/4f7db9b8f28bf.jpg\"><img decoding=\"async\" class=\"size-full wp-image-3763 alignright\" src=\"http:\/\/www2.ferrarimotor.it\/wp-content\/uploads\/2013\/05\/4f7db9b8f28bf.jpg\" alt=\"4f7db9b8f28bf\" width=\"260\" height=\"199\" srcset=\"https:\/\/tester.ferrarimotor.it\/wp-content\/uploads\/2013\/05\/4f7db9b8f28bf-180x138.jpg 180w, https:\/\/tester.ferrarimotor.it\/wp-content\/uploads\/2013\/05\/4f7db9b8f28bf.jpg 260w\" sizes=\"(max-width: 260px) 100vw, 260px\" \/><\/a>Ritornare a servirsi della nostra officina \u00e8 quindi l\u2019unico modo per essere certi di affidare la propria vettura a un team qualificato ed esperto, in grado di valorizzare ogni singolo dettaglio dei diversi modelli Ferrari.<br \/>\nPer questo \u00e8 nato il Programma Welcome Back, il nuovo servizio che Ferrari dedica ai suoi clienti.<\/p>\n<p><strong>Il programma<\/strong><br \/>\nIl cliente avr\u00e0 la possibilit\u00e0 di\u00a0 sottoporre la propria Ferrari a tutti gli aggiornamenti software grazie all\u2019utilizzo dei pi\u00f9 moderni strumenti di diagnostica,<\/p>\n<p><strong>I vantaggi<br \/>\n<\/strong>Interventi eseguiti da personale qualificato e formato direttamente presso il Ferrari Training Centre di Maranello con il supporto dall\u2019attrezzatura specifica, archiviazione del tagliando su data base elettronico\u00a0 Ferrari.\u00a0 Valorizzazione dell\u2019intervento attraverso la consegnato a ciascun cliente di un libretto che attesta gli interventi eseguiti dai meccanici autorizzati.<br \/>\nCome ulteriore vantaggio il programma prevede, inoltre, l\u2019attivazione di un anno di assistenza stradale per tutti i mercati dove il servizio \u00e8 gi\u00e0 disponibile e l\u2019invito presso la fabbrica di Maranello, dove vengono ideate e prodotte le vetture del Cavallino Rampante.<\/p>\n<p><img decoding=\"async\" class=\"size-full wp-image-3762 alignleft\" src=\"http:\/\/www2.ferrarimotor.it\/wp-content\/uploads\/2013\/05\/4f7dbaca6b732.jpg\" alt=\"4f7dbaca6b732\" width=\"260\" height=\"173\" \/><strong>Come attivare il programma<\/strong><br \/>\nPer accedere al programma basta recarsi presso i nostri uffici e richiedere di sottoporre la propria vettura ad un\u2019accurata ispezione, facendo eseguire l\u2019ultimo tagliando e ripristini necessari*.<\/p>\n<p>* la vettura deve mancare dalle officine della Rete Autorizzata da almeno due anni<\/p>\n<\/div>\n","protected":false},"excerpt":{"rendered":"<p>Welcome Back Ritornare a servirsi della nostra officina \u00e8 quindi l\u2019unico modo per essere certi di affidare la propria vettura a un team qualificato ed esperto, in grado di valorizzare ogni singolo dettaglio dei diversi modelli Ferrari. Per questo \u00e8 nato il Programma Welcome Back, il nuovo servizio che Ferrari dedica ai suoi clienti. Il programma Il cliente avr\u00e0 la possibilit\u00e0 di\u00a0 sottoporre la propria Ferrari a tutti gli aggiornamenti software grazie all\u2019utilizzo dei pi\u00f9 moderni strumenti di diagnostica, I vantaggi Interventi eseguiti da personale qualificato e formato direttamente presso il Ferrari Training Centre di Maranello con il supporto dall\u2019attrezzatura specifica, archiviazione del tagliando su data base elettronico\u00a0 Ferrari.\u00a0 Valorizzazione dell\u2019intervento attraverso la consegnato a ciascun cliente di un libretto che attesta gli interventi eseguiti dai meccanici autorizzati. Come ulteriore vantaggio il programma prevede, inoltre, l\u2019attivazione di un anno di assistenza stradale per tutti i mercati dove il servizio \u00e8 gi\u00e0 disponibile e l\u2019invito presso la fabbrica di Maranello, dove vengono ideate e prodotte le vetture del Cavallino Rampante. Come attivare il programma Per accedere al programma basta recarsi presso i nostri uffici e richiedere di sottoporre la propria vettura ad un\u2019accurata ispezione, facendo eseguire l\u2019ultimo tagliando e ripristini necessari*. * la vettura deve mancare dalle officine della Rete Autorizzata da almeno due anni<\/p>\n","protected":false},"author":1,"featured_media":0,"parent":0,"menu_order":0,"comment_status":"closed","ping_status":"open","template":"","meta":{"footnotes":""},"class_list":["post-3736","page","type-page","status-publish","hentry"],"_links":{"self":[{"href":"https:\/\/tester.ferrarimotor.it\/index.php?rest_route=\/wp\/v2\/pages\/3736","targetHints":{"allow":["GET"]}}],"collection":[{"href":"https:\/\/tester.ferrarimotor.it\/index.php?rest_route=\/wp\/v2\/pages"}],"about":[{"href":"https:\/\/tester.ferrarimotor.it\/index.php?rest_route=\/wp\/v2\/types\/page"}],"author":[{"embeddable":true,"href":"https:\/\/tester.ferrarimotor.it\/index.php?rest_route=\/wp\/v2\/users\/1"}],"replies":[{"embeddable":true,"href":"https:\/\/tester.ferrarimotor.it\/index.php?rest_route=%2Fwp%2Fv2%2Fcomments&post=3736"}],"version-history":[{"count":5,"href":"https:\/\/tester.ferrarimotor.it\/index.php?rest_route=\/wp\/v2\/pages\/3736\/revisions"}],"predecessor-version":[{"id":4069,"href":"https:\/\/tester.ferrarimotor.it\/index.php?rest_route=\/wp\/v2\/pages\/3736\/revisions\/4069"}],"wp:attachment":[{"href":"https:\/\/tester.ferrarimotor.it\/index.php?rest_route=%2Fwp%2Fv2%2Fmedia&parent=3736"}],"curies":[{"name":"wp","href":"https:\/\/api.w.org\/{rel}","templated":true}]}}