{"id":3733,"date":"2013-05-07T15:41:51","date_gmt":"2013-05-07T13:41:51","guid":{"rendered":"http:\/\/www2.ferrarimotor.it\/?page_id=3733"},"modified":"2024-06-20T16:56:27","modified_gmt":"2024-06-20T14:56:27","slug":"manutenzione-di-7-anni","status":"publish","type":"page","link":"https:\/\/tester.ferrarimotor.it\/?page_id=3733","title":{"rendered":"Manutenzione di 7 anni"},"content":{"rendered":"<h1>Manutenzione di 7 anni &#8211; Manutenzione ordinaria per i primi 7 anni di vita della Ferrari<\/h1>\n<div>\n<p>Genuine Maintenance \u00e8 il piano di manutenzione ordinaria che rappresenta un servizio esclusivo per i proprietari di Ferrari, che saranno certi di mantenere al massimo il livello di prestazioni e sicurezza della propria auto nel corso degli anni.<\/p>\n<p>Un vantaggio unico nel suo genere, offerto per la prima volta da un costruttore a livello globale, a testimonianza della costante attenzione che la casa di Maranello dedica ai propri clienti.<\/p>\n<p>Genuine Maintenance \u00e8 un servizio dall\u2019alto valore aggiunto legato specificatamente alla vettura, per garantire a tutti i clienti un\u2019assistenza di prima qualit\u00e0: un\u2019opportunit\u00e0 che si estender\u00e0 anche a un nuovo cliente in caso di cambio di propriet\u00e0 della vettura.<\/p>\n<p>Il programma copre la mano d\u2019opera per eseguire la manutenzione programmata ordinaria, i relativi ricambi originali e lubrificanti; olio motore, liquido impianto freni.<\/p>\n<p>Controlli pianificati una volta all\u2019anno, ispezioni accurate attraverso i pi\u00f9 moderni strumenti di diagnostica, personale qualificato formato direttamente presso il Ferrari Training Centre di Maranello che meglio di chiunque altro conosce le particolarit\u00e0 e le caratteristiche uniche delle vetture del Cavallino Rampante: questi sono alcuni dei principali vantaggi di cui usufruiranno i nuovi clienti grazie al Programma di manutenzione di 7 anni Genuine Maintenance.<\/p>\n<\/div>\n","protected":false},"excerpt":{"rendered":"<p>Manutenzione di 7 anni &#8211; Manutenzione ordinaria per i primi 7 anni di vita della Ferrari Genuine Maintenance \u00e8 il piano di manutenzione ordinaria che rappresenta un servizio esclusivo per i proprietari di Ferrari, che saranno certi di mantenere al massimo il livello di prestazioni e sicurezza della propria auto nel corso degli anni. Un vantaggio unico nel suo genere, offerto per la prima volta da un costruttore a livello globale, a testimonianza della costante attenzione che la casa di Maranello dedica ai propri clienti. Genuine Maintenance \u00e8 un servizio dall\u2019alto valore aggiunto legato specificatamente alla vettura, per garantire a tutti i clienti un\u2019assistenza di prima qualit\u00e0: un\u2019opportunit\u00e0 che si estender\u00e0 anche a un nuovo cliente in caso di cambio di propriet\u00e0 della vettura. Il programma copre la mano d\u2019opera per eseguire la manutenzione programmata ordinaria, i relativi ricambi originali e lubrificanti; olio motore, liquido impianto freni. Controlli pianificati una volta all\u2019anno, ispezioni accurate attraverso i pi\u00f9 moderni strumenti di diagnostica, personale qualificato formato direttamente presso il Ferrari Training Centre di Maranello che meglio di chiunque altro conosce le particolarit\u00e0 e le caratteristiche uniche delle vetture del Cavallino Rampante: questi sono alcuni dei principali vantaggi di cui usufruiranno i nuovi clienti grazie al Programma di manutenzione di 7 anni Genuine Maintenance.<\/p>\n","protected":false},"author":1,"featured_media":0,"parent":0,"menu_order":0,"comment_status":"closed","ping_status":"open","template":"","meta":{"footnotes":""},"class_list":["post-3733","page","type-page","status-publish","hentry"],"_links":{"self":[{"href":"https:\/\/tester.ferrarimotor.it\/index.php?rest_route=\/wp\/v2\/pages\/3733","targetHints":{"allow":["GET"]}}],"collection":[{"href":"https:\/\/tester.ferrarimotor.it\/index.php?rest_route=\/wp\/v2\/pages"}],"about":[{"href":"https:\/\/tester.ferrarimotor.it\/index.php?rest_route=\/wp\/v2\/types\/page"}],"author":[{"embeddable":true,"href":"https:\/\/tester.ferrarimotor.it\/index.php?rest_route=\/wp\/v2\/users\/1"}],"replies":[{"embeddable":true,"href":"https:\/\/tester.ferrarimotor.it\/index.php?rest_route=%2Fwp%2Fv2%2Fcomments&post=3733"}],"version-history":[{"count":10,"href":"https:\/\/tester.ferrarimotor.it\/index.php?rest_route=\/wp\/v2\/pages\/3733\/revisions"}],"predecessor-version":[{"id":4174,"href":"https:\/\/tester.ferrarimotor.it\/index.php?rest_route=\/wp\/v2\/pages\/3733\/revisions\/4174"}],"wp:attachment":[{"href":"https:\/\/tester.ferrarimotor.it\/index.php?rest_route=%2Fwp%2Fv2%2Fmedia&parent=3733"}],"curies":[{"name":"wp","href":"https:\/\/api.w.org\/{rel}","templated":true}]}}